{"id":13516,"date":"2025-10-12T15:14:03","date_gmt":"2025-10-12T13:14:03","guid":{"rendered":"https:\/\/juliafalowska.com.pl\/support\/"},"modified":"2025-10-12T16:11:26","modified_gmt":"2025-10-12T14:11:26","slug":"support","status":"publish","type":"page","link":"https:\/\/juliafalowska.com.pl\/en\/support\/","title":{"rendered":"Support"},"content":{"rendered":"\t\t<div data-elementor-type=\"wp-page\" data-elementor-id=\"13516\" class=\"elementor elementor-13516 elementor-13493\" data-elementor-post-type=\"page\">\n\t\t\t\t<div class=\"elementor-element elementor-element-dc661b8 e-flex e-con-boxed e-con e-parent\" data-id=\"dc661b8\" data-element_type=\"container\" data-e-type=\"container\" data-settings=\"{&quot;background_background&quot;:&quot;classic&quot;}\">\n\t\t\t\t\t<div class=\"e-con-inner\">\n\t\t\t\t<div class=\"elementor-element elementor-element-bf0f06d elementor-widget elementor-widget-pls-heading\" data-id=\"bf0f06d\" data-element_type=\"widget\" data-e-type=\"widget\" data-widget_type=\"pls-heading.default\">\n\t\t\t\t<div class=\"elementor-widget-container\">\n\t\t\t\t\t<div id=\"pls-header-39174\" class=\"pls-element pls-heading pls-text-center separator-none\">\t\n\t\t\t\n\t\t\t<div class=\"heading-wrap\">\n\t\t\t<span class=\"separator-left\"><\/span>\n\t\t\t<h2 class=\"heading-title\">Have a technical problem<br> or question?<\/h2>\t\t\t<span class=\"separator-right\"><\/span>\n\t\t\t\t\t<\/div>\n\t\t\n    <\/div>\t\t\t\t<\/div>\n\t\t\t\t<\/div>\n\t\t\t\t<div class=\"elementor-element elementor-element-69ea2fe8 elementor-widget elementor-widget-text-editor\" data-id=\"69ea2fe8\" data-element_type=\"widget\" data-e-type=\"widget\" data-widget_type=\"text-editor.default\">\n\t\t\t\t<div class=\"elementor-widget-container\">\n\t\t\t\t\t\t\t\t\t<p>Fill out the form below and our team will help you as soon as possible.<\/p>\t\t\t\t\t\t\t\t<\/div>\n\t\t\t\t<\/div>\n\t\t\t\t<div class=\"elementor-element elementor-element-27848faa elementor-widget elementor-widget-shortcode\" data-id=\"27848faa\" data-element_type=\"widget\" data-e-type=\"widget\" data-widget_type=\"shortcode.default\">\n\t\t\t\t<div class=\"elementor-widget-container\">\n\t\t\t\t\t\t\t<div class=\"elementor-shortcode\">\n<div class=\"wpcf7 no-js\" id=\"wpcf7-f13513-o1\" lang=\"en-US\" dir=\"ltr\" data-wpcf7-id=\"13513\">\n<div class=\"screen-reader-response\"><p role=\"status\" aria-live=\"polite\" aria-atomic=\"true\"><\/p> <ul><\/ul><\/div>\n<form action=\"\/en\/wp-json\/wp\/v2\/pages\/13516#wpcf7-f13513-o1\" method=\"post\" class=\"wpcf7-form init\" aria-label=\"Contact form\" enctype=\"multipart\/form-data\" novalidate=\"novalidate\" data-status=\"init\">\n<fieldset class=\"hidden-fields-container\"><input type=\"hidden\" name=\"_wpcf7\" value=\"13513\" \/><input type=\"hidden\" name=\"_wpcf7_version\" value=\"6.1.5\" \/><input type=\"hidden\" name=\"_wpcf7_locale\" value=\"en_US\" \/><input type=\"hidden\" name=\"_wpcf7_unit_tag\" value=\"wpcf7-f13513-o1\" \/><input type=\"hidden\" name=\"_wpcf7_container_post\" value=\"0\" \/><input type=\"hidden\" name=\"_wpcf7_posted_data_hash\" value=\"\" \/>\n<\/fieldset>\n<div class=\"bt_bb_cf7_form bt_bb_cf7_twocol_form\">\n <div class=\"bt_bb_cf7_row\">\n  <div class=\"bt_bb_cf7_element\"><span class=\"wpcf7-form-control-wrap\" data-name=\"your-name\"><input size=\"40\" maxlength=\"400\" class=\"wpcf7-form-control wpcf7-text wpcf7-validates-as-required\" aria-required=\"true\" aria-invalid=\"false\" placeholder=\"Imi\u0119 i nazwisko\" value=\"\" type=\"text\" name=\"your-name\" \/><\/span><\/div>\n <\/div>\n\n <div class=\"bt_bb_cf7_row\">\n  <div class=\"bt_bb_cf7_element\"><span class=\"wpcf7-form-control-wrap\" data-name=\"your-email\"><input size=\"40\" maxlength=\"400\" class=\"wpcf7-form-control wpcf7-email wpcf7-validates-as-required wpcf7-text wpcf7-validates-as-email\" aria-required=\"true\" aria-invalid=\"false\" placeholder=\"Tw\u00f3j E-mail\" value=\"\" type=\"email\" name=\"your-email\" \/><\/span><\/div>\n  <div class=\"bt_bb_cf7_element\"><span class=\"wpcf7-form-control-wrap\" data-name=\"tel-698\"><input size=\"40\" maxlength=\"400\" class=\"wpcf7-form-control wpcf7-tel wpcf7-text wpcf7-validates-as-tel\" aria-invalid=\"false\" placeholder=\"Numer telefonu\" value=\"\" type=\"tel\" name=\"tel-698\" \/><\/span><\/div>\n <\/div>\n \n <div class=\"bt_bb_cf7_row\"><div class=\"bt_bb_cf7_element\"><span class=\"wpcf7-form-control-wrap\" data-name=\"your-message\"><textarea cols=\"40\" rows=\"10\" maxlength=\"2000\" class=\"wpcf7-form-control wpcf7-textarea\" aria-invalid=\"false\" placeholder=\"Napisz wiadomo\u015b\u0107\" name=\"your-message\"><\/textarea><\/span><\/div><\/div>\n <div class=\"bt_bb_cf7_row\"><span class=\"wpcf7-form-control-wrap\" data-name=\"file-845\"><input size=\"40\" class=\"wpcf7-form-control wpcf7-file\" accept=\"audio\/*,video\/*,image\/*\" aria-invalid=\"false\" type=\"file\" name=\"file-845\" \/><\/span><\/div>\n <div class=\"bt_bb_cf7_button\"><button id='submit' class='wpcf7-form-control wpcf7-submit'>Wy\u015blij wiadomo\u015b\u0107<\/button><\/div>\n<\/div><div class=\"wpcf7-response-output\" aria-hidden=\"true\"><\/div>\n<\/form>\n<\/div>\n<\/div>\n\t\t\t\t\t\t<\/div>\n\t\t\t\t<\/div>\n\t\t\t\t<div class=\"elementor-element elementor-element-5672e7e elementor-widget-divider--view-line elementor-widget elementor-widget-divider\" data-id=\"5672e7e\" data-element_type=\"widget\" data-e-type=\"widget\" data-widget_type=\"divider.default\">\n\t\t\t\t<div class=\"elementor-widget-container\">\n\t\t\t\t\t\t\t<div class=\"elementor-divider\">\n\t\t\t<span class=\"elementor-divider-separator\">\n\t\t\t\t\t\t<\/span>\n\t\t<\/div>\n\t\t\t\t\t\t<\/div>\n\t\t\t\t<\/div>\n\t\t\t\t<div class=\"elementor-element elementor-element-3974726 elementor-widget elementor-widget-pls-heading\" data-id=\"3974726\" data-element_type=\"widget\" data-e-type=\"widget\" data-widget_type=\"pls-heading.default\">\n\t\t\t\t<div class=\"elementor-widget-container\">\n\t\t\t\t\t<div id=\"pls-header-53947\" class=\"pls-element pls-heading pls-text-center separator-none\">\t\n\t\t\t\n\t\t\t<div class=\"heading-wrap\">\n\t\t\t<span class=\"separator-left\"><\/span>\n\t\t\t<h2 class=\"heading-title\">Don't wait - check out the most frequently asked questions!<\/h2>\t\t\t<span class=\"separator-right\"><\/span>\n\t\t\t\t\t<\/div>\n\t\t\n    <\/div>\t\t\t\t<\/div>\n\t\t\t\t<\/div>\n\t\t\t\t<div class=\"elementor-element elementor-element-ea77257 elementor-widget elementor-widget-text-editor\" data-id=\"ea77257\" data-element_type=\"widget\" data-e-type=\"widget\" data-widget_type=\"text-editor.default\">\n\t\t\t\t<div class=\"elementor-widget-container\">\n\t\t\t\t\t\t\t\t\t<p>Take a look at the <a href=\"https:\/\/juliafalowska.com.pl\/en\/faq\/\">\n  <strong>\n    <span style=\"text-decoration: underline;\">FAQ Frequently Asked Questions page<\/span>\n  <\/strong>\n<\/a> &#8211; there you will find solutions to the most common problems!<br data-start=\"1120\" data-end=\"1123\">If the problem still persists, please send a ticket with a detailed description and a screenshot &#8211; this will help us find a solution faster.<\/p>\t\t\t\t\t\t\t\t<\/div>\n\t\t\t\t<\/div>\n\t\t\t\t\t<\/div>\n\t\t\t\t<\/div>\n\t\t\t\t<\/div>\n\t\t","protected":false},"excerpt":{"rendered":"<p>Have a technical problem or question? Fill out the form below and our team will help you as soon as possible. Don&#8217;t wait &#8211; check out the most frequently asked<\/p>\n","protected":false},"author":1,"featured_media":0,"parent":0,"menu_order":0,"comment_status":"closed","ping_status":"closed","template":"","meta":{"footnotes":""},"class_list":["post-13516","page","type-page","status-publish","hentry"],"yoast_head":"<!-- This site is optimized with the Yoast SEO plugin v27.2 - https:\/\/yoast.com\/product\/yoast-seo-wordpress\/ -->\n<title>Support - Julia Fa\u0142owska<\/title>\n<meta name=\"robots\" content=\"index, follow, max-snippet:-1, max-image-preview:large, max-video-preview:-1\" \/>\n<link rel=\"canonical\" href=\"https:\/\/juliafalowska.com.pl\/support\/\" \/>\n<meta property=\"og:locale\" content=\"en_US\" \/>\n<meta property=\"og:type\" content=\"article\" \/>\n<meta property=\"og:title\" content=\"Support - Julia Fa\u0142owska\" \/>\n<meta property=\"og:description\" content=\"Have a technical problem or question? Fill out the form below and our team will help you as soon as possible. Don&#8217;t wait &#8211; check out the most frequently asked\" \/>\n<meta property=\"og:url\" content=\"https:\/\/juliafalowska.com.pl\/support\/\" \/>\n<meta property=\"og:site_name\" content=\"Julia Fa\u0142owska\" \/>\n<meta property=\"article:modified_time\" content=\"2025-10-12T14:11:26+00:00\" \/>\n<meta name=\"twitter:card\" content=\"summary_large_image\" \/>\n<meta name=\"twitter:label1\" content=\"Est. reading time\" \/>\n\t<meta name=\"twitter:data1\" content=\"1 minute\" \/>\n<script type=\"application\/ld+json\" class=\"yoast-schema-graph\">{\"@context\":\"https:\/\/schema.org\",\"@graph\":[{\"@type\":\"WebPage\",\"@id\":\"https:\/\/juliafalowska.com.pl\/support\/\",\"url\":\"https:\/\/juliafalowska.com.pl\/support\/\",\"name\":\"Support - Julia Fa\u0142owska\",\"isPartOf\":{\"@id\":\"https:\/\/juliafalowska.com.pl\/#website\"},\"datePublished\":\"2025-10-12T13:14:03+00:00\",\"dateModified\":\"2025-10-12T14:11:26+00:00\",\"breadcrumb\":{\"@id\":\"https:\/\/juliafalowska.com.pl\/support\/#breadcrumb\"},\"inLanguage\":\"en-US\",\"potentialAction\":[{\"@type\":\"ReadAction\",\"target\":[\"https:\/\/juliafalowska.com.pl\/support\/\"]}]},{\"@type\":\"BreadcrumbList\",\"@id\":\"https:\/\/juliafalowska.com.pl\/support\/#breadcrumb\",\"itemListElement\":[{\"@type\":\"ListItem\",\"position\":1,\"name\":\"Strona g\u0142\u00f3wna\",\"item\":\"https:\/\/juliafalowska.com.pl\/\"},{\"@type\":\"ListItem\",\"position\":2,\"name\":\"Support\"}]},{\"@type\":\"WebSite\",\"@id\":\"https:\/\/juliafalowska.com.pl\/#website\",\"url\":\"https:\/\/juliafalowska.com.pl\/\",\"name\":\"Julia Fa\u0142owska\",\"description\":\"\",\"potentialAction\":[{\"@type\":\"SearchAction\",\"target\":{\"@type\":\"EntryPoint\",\"urlTemplate\":\"https:\/\/juliafalowska.com.pl\/?s={search_term_string}\"},\"query-input\":{\"@type\":\"PropertyValueSpecification\",\"valueRequired\":true,\"valueName\":\"search_term_string\"}}],\"inLanguage\":\"en-US\"}]}<\/script>\n<!-- \/ Yoast SEO plugin. -->","yoast_head_json":{"title":"Support - Julia Fa\u0142owska","robots":{"index":"index","follow":"follow","max-snippet":"max-snippet:-1","max-image-preview":"max-image-preview:large","max-video-preview":"max-video-preview:-1"},"canonical":"https:\/\/juliafalowska.com.pl\/support\/","og_locale":"en_US","og_type":"article","og_title":"Support - Julia Fa\u0142owska","og_description":"Have a technical problem or question? Fill out the form below and our team will help you as soon as possible. Don&#8217;t wait &#8211; check out the most frequently asked","og_url":"https:\/\/juliafalowska.com.pl\/support\/","og_site_name":"Julia Fa\u0142owska","article_modified_time":"2025-10-12T14:11:26+00:00","twitter_card":"summary_large_image","twitter_misc":{"Est. reading time":"1 minute"},"schema":{"@context":"https:\/\/schema.org","@graph":[{"@type":"WebPage","@id":"https:\/\/juliafalowska.com.pl\/support\/","url":"https:\/\/juliafalowska.com.pl\/support\/","name":"Support - Julia Fa\u0142owska","isPartOf":{"@id":"https:\/\/juliafalowska.com.pl\/#website"},"datePublished":"2025-10-12T13:14:03+00:00","dateModified":"2025-10-12T14:11:26+00:00","breadcrumb":{"@id":"https:\/\/juliafalowska.com.pl\/support\/#breadcrumb"},"inLanguage":"en-US","potentialAction":[{"@type":"ReadAction","target":["https:\/\/juliafalowska.com.pl\/support\/"]}]},{"@type":"BreadcrumbList","@id":"https:\/\/juliafalowska.com.pl\/support\/#breadcrumb","itemListElement":[{"@type":"ListItem","position":1,"name":"Strona g\u0142\u00f3wna","item":"https:\/\/juliafalowska.com.pl\/"},{"@type":"ListItem","position":2,"name":"Support"}]},{"@type":"WebSite","@id":"https:\/\/juliafalowska.com.pl\/#website","url":"https:\/\/juliafalowska.com.pl\/","name":"Julia Fa\u0142owska","description":"","potentialAction":[{"@type":"SearchAction","target":{"@type":"EntryPoint","urlTemplate":"https:\/\/juliafalowska.com.pl\/?s={search_term_string}"},"query-input":{"@type":"PropertyValueSpecification","valueRequired":true,"valueName":"search_term_string"}}],"inLanguage":"en-US"}]}},"_links":{"self":[{"href":"https:\/\/juliafalowska.com.pl\/en\/wp-json\/wp\/v2\/pages\/13516","targetHints":{"allow":["GET"]}}],"collection":[{"href":"https:\/\/juliafalowska.com.pl\/en\/wp-json\/wp\/v2\/pages"}],"about":[{"href":"https:\/\/juliafalowska.com.pl\/en\/wp-json\/wp\/v2\/types\/page"}],"author":[{"embeddable":true,"href":"https:\/\/juliafalowska.com.pl\/en\/wp-json\/wp\/v2\/users\/1"}],"replies":[{"embeddable":true,"href":"https:\/\/juliafalowska.com.pl\/en\/wp-json\/wp\/v2\/comments?post=13516"}],"version-history":[{"count":6,"href":"https:\/\/juliafalowska.com.pl\/en\/wp-json\/wp\/v2\/pages\/13516\/revisions"}],"predecessor-version":[{"id":13522,"href":"https:\/\/juliafalowska.com.pl\/en\/wp-json\/wp\/v2\/pages\/13516\/revisions\/13522"}],"wp:attachment":[{"href":"https:\/\/juliafalowska.com.pl\/en\/wp-json\/wp\/v2\/media?parent=13516"}],"curies":[{"name":"wp","href":"https:\/\/api.w.org\/{rel}","templated":true}]}}